{"id":933,"date":"2022-07-11T17:58:59","date_gmt":"2022-07-11T17:58:59","guid":{"rendered":"https:\/\/cafecampeiro.com.br\/?page_id=933"},"modified":"2024-08-15T20:17:29","modified_gmt":"2024-08-15T23:17:29","slug":"clube-de-assinaturas","status":"publish","type":"page","link":"https:\/\/cafecampeiro.com.br\/en\/clube-de-assinaturas\/","title":{"rendered":"Clube de Assinaturas"},"content":{"rendered":"<div class=\"wpb-content-wrapper\"><div class=\"vc_row wpb_row row top-row\"><div class=\"vc_column_container col-md-12\"><div class=\"wpb_wrapper vc_column-inner\">\n\t\t\t<!-- START Slider 2 1 REVOLUTION SLIDER 6.7.37 --><p class=\"rs-p-wp-fix\"><\/p>\n\t\t\t<rs-module-wrap id=\"rev_slider_3_1_wrapper\" data-source=\"gallery\" style=\"visibility:hidden;background:transparent;padding:0;margin:0px auto;margin-top:0;margin-bottom:0;\">\n\t\t\t\t<rs-module id=\"rev_slider_3_1\" style=\"\" data-version=\"6.7.37\">\n\t\t\t\t\t<rs-slides style=\"overflow: hidden; position: absolute;\">\n\t\t\t\t\t\t<rs-slide style=\"position: absolute;\" data-key=\"rs-5\" data-title=\"Slide\" data-anim=\"adpr:false;\" data-in=\"o:0;\" data-out=\"a:false;\">\n\t\t\t\t\t\t\t<img decoding=\"async\" src=\"\/\/cafecampeiro.com.br\/wp-content\/plugins\/revslider\/sr6\/assets\/assets\/dummy.png\" alt=\"\" title=\"banner-clube-de-assinaturas (2)\" width=\"1925\" height=\"377\" class=\"rev-slidebg tp-rs-img rs-lazyload\" data-lazyload=\"\/\/cafecampeiro.com.br\/wp-content\/uploads\/2022\/09\/banner-clube-de-assinaturas-2.png\" data-no-retina>\n<!--\n\t\t\t\t\t\t\t--><rs-layer\n\t\t\t\t\t\t\t\tid=\"slider-3-slide-5-layer-0\" \n\t\t\t\t\t\t\t\tdata-type=\"shape\"\n\t\t\t\t\t\t\t\tdata-rsp_ch=\"on\"\n\t\t\t\t\t\t\t\tdata-xy=\"xo:50px,26px,19px,-399px;yo:50px,26px,19px,0;\"\n\t\t\t\t\t\t\t\tdata-text=\"w:normal;s:20,10,7,4;l:0,13,9,6;\"\n\t\t\t\t\t\t\t\tdata-dim=\"w:900px,480px,364px,1000px;h:280px,149px,113px,280px;\"\n\t\t\t\t\t\t\t\tdata-vbility=\"f,f,f,t\"\n\t\t\t\t\t\t\t\tdata-frame_999=\"o:0;st:w;\"\n\t\t\t\t\t\t\t\tstyle=\"z-index:8;background-color:rgba(0,0,0,0.5);\"\n\t\t\t\t\t\t\t><rs-bg-elem style=\"background: url('\/\/cafecampeiro.com.br\/wp-content\/uploads\/2022\/09\/banner-clube-de-assinaturas-2.png') no-repeat center center; background-size: cover;\"><\/rs-bg-elem>\n \n\t\t\t\t\t\t\t<\/rs-layer><!--\n\n\t\t\t\t\t\t\t--><h2\n\t\t\t\t\t\t\t\tid=\"slider-3-slide-5-layer-1\" \n\t\t\t\t\t\t\t\tclass=\"rs-layer\"\n\t\t\t\t\t\t\t\tdata-type=\"text\"\n\t\t\t\t\t\t\t\tdata-color=\"#284432\"\n\t\t\t\t\t\t\t\tdata-rsp_ch=\"on\"\n\t\t\t\t\t\t\t\tdata-xy=\"xo:415px,221px,167px,15px;yo:70px,37px,28px,90px;\"\n\t\t\t\t\t\t\t\tdata-text=\"w:normal;s:60,32,24,24;l:25,13,9,6;fw:700;\"\n\t\t\t\t\t\t\t\tdata-frame_999=\"o:0;st:w;\"\n\t\t\t\t\t\t\t\tstyle=\"z-index:9;font-family:'Merriweather';\"\n\t\t\t\t\t\t\t>Bem-vindo(a) \n\t\t\t\t\t\t\t<\/h2><!--\n\n\t\t\t\t\t\t\t--><h2\n\t\t\t\t\t\t\t\tid=\"slider-3-slide-5-layer-2\" \n\t\t\t\t\t\t\t\tclass=\"rs-layer\"\n\t\t\t\t\t\t\t\tdata-type=\"text\"\n\t\t\t\t\t\t\t\tdata-color=\"#284432\"\n\t\t\t\t\t\t\t\tdata-rsp_ch=\"on\"\n\t\t\t\t\t\t\t\tdata-xy=\"xo:415px,221px,167px,15px;yo:142px,75px,56px,120px;\"\n\t\t\t\t\t\t\t\tdata-text=\"w:normal;s:41,21,15,16;l:42,22,16,20;\"\n\t\t\t\t\t\t\t\tdata-frame_999=\"o:0;st:w;\"\n\t\t\t\t\t\t\t\tstyle=\"z-index:10;font-family:'Poppins';\"\n\t\t\t\t\t\t\t>ao Clube de Assinaturas<br \/>\ndo Caf\u00e9 Campeiro! \n\t\t\t\t\t\t\t<\/h2><!--\n\n\t\t\t\t\t\t\t--><p\n\t\t\t\t\t\t\t\tid=\"slider-3-slide-5-layer-3\" \n\t\t\t\t\t\t\t\tclass=\"rs-layer\"\n\t\t\t\t\t\t\t\tdata-type=\"text\"\n\t\t\t\t\t\t\t\tdata-color=\"#333333\"\n\t\t\t\t\t\t\t\tdata-rsp_ch=\"on\"\n\t\t\t\t\t\t\t\tdata-xy=\"xo:415px,221px,167px,15px;yo:258px,137px,104px,180px;\"\n\t\t\t\t\t\t\t\tdata-text=\"w:normal;s:25,13,9,14;l:36,19,14,18;\"\n\t\t\t\t\t\t\t\tdata-dim=\"w:auto,auto,auto,200px;\"\n\t\t\t\t\t\t\t\tdata-frame_999=\"o:0;st:w;\"\n\t\t\t\t\t\t\t\tstyle=\"z-index:11;font-family:'Poppins';\"\n\t\t\t\t\t\t\t>Todo m\u00eas caf\u00e9 fresquinho chegando \u00e0 sua casa<br \/>\n \n\t\t\t\t\t\t\t<\/p><!--\n-->\t\t\t\t\t<\/rs-slide>\n\t\t\t\t\t<\/rs-slides>\n\t\t\t\t<\/rs-module>\n\t\t\t\t<script data-jetpack-boost=\"ignore\">\n\t\t\t\t\tsetREVStartSize({c: 'rev_slider_3_1',rl:[1240,1024,778,480],el:[374,373.984,960,280],gw:[1920,1024,778,480],gh:[374,374,300,280],type:'standard',justify:'',layout:'fullwidth',mh:\"0\"});if (window.RS_MODULES!==undefined && window.RS_MODULES.modules!==undefined && window.RS_MODULES.modules[\"revslider31\"]!==undefined) {window.RS_MODULES.modules[\"revslider31\"].once = false;window.revapi3 = undefined;if (window.RS_MODULES.checkMinimal!==undefined) window.RS_MODULES.checkMinimal()}\n\t\t\t\t<\/script>\n\t\t\t<\/rs-module-wrap>\n\t\t\t<!-- END REVOLUTION SLIDER -->\n<\/div><\/div><\/div><div class=\"vc_row wpb_row row top-row vc_custom_1659319493934\"><div class=\"vc_column_container col-md-12\"><div class=\"wpb_wrapper vc_column-inner\"><div class=\"porto-u-heading  wpb_custom_cfaf8d64c94d03ffa3d5d57d7ee8700c porto-u-ad87e2eaf3f9c495180fe0156ddf3eb0\"><div class=\"porto-u-sub-heading\" style=\"\">J\u00e1 pensou receber todo m\u00eas a quantidade exata de caf\u00e9 que voc\u00ea consome diretamente no conforto da sua casa e ainda com a garantia de ser um produto extremamente fresco, com gr\u00e3os torrados poucos dias antes do envio?<\/p>\n<p>Com o Caf\u00e9 Campeiro voc\u00ea tem isso e muito mais!<\/div><style>.porto-u-ad87e2eaf3f9c495180fe0156ddf3eb0.porto-u-heading{text-align:left}<\/style><\/div><div class=\"porto-u-heading  wpb_custom_f9d08123faab39e6f35fd86404061a16 porto-u-ad87e2eaf3f9c495180fe0156ddf3eb0\"><div class=\"porto-u-sub-heading\" style=\"\">Esse plano combina perfeitamente com voc\u00ea, aproveite os valores especiais de assinatura. N\u00e3o perca!<\/div><style>.porto-u-ad87e2eaf3f9c495180fe0156ddf3eb0.porto-u-heading{text-align:left}<\/style><\/div><\/div><\/div><\/div><div class=\"vc_row wpb_row row top-row section-bg vc_custom_1661362394548\"><div class=\"vc_column_container col-md-12 section section-default text-center vc_custom_1659319584612\"><div class=\"wpb_wrapper vc_column-inner\"><section class=\"vc_cta3-container\"><div class=\"vc_general vc_do_cta3 vc_cta3 cta-assinatura vc_cta3-style-classic vc_cta3-shape-rounded vc_cta3-align-left vc_cta3-color-classic vc_cta3-icon-size-md vc_cta3-actions-bottom vc_custom_1664224060583\"><div class=\"vc_cta3_content-container\"><div class=\"vc_cta3-content\"><header class=\"vc_cta3-content-header\"><h2 style=\"font-size: 2.8rem;color: #f2e5c2;line-height: 4rem;font-family:Merriweather;font-weight:700;font-style:normal\" class=\"vc_custom_heading align-left\" >Plano Campeiro<\/h2><\/header><p><span style=\"font-family: 'Poppins'; font-size: 1.5rem; font-weight: 500; color: white; line-height: 2.5rem;\">Escolha entre as linhas Cl\u00e1ssico e Intenso<br \/>\ne receba a cada m\u00eas a quantidade exata<br \/>\nque voc\u00ea precisa para apreciar com muita<br \/>\npraticidade o Caf\u00e9 Campeiro.<\/span><\/p>\n<\/div><div class=\"vc_cta3-actions\"><div class=\"vc_btn3-container vc_btn3-left\" >\r\n\t<a class=\"vc_general vc_btn3 vc_btn3-size-xl vc_btn3-shape-round vc_btn3-style-custom wpb_custom_6687b26f39488ddbb85ddb3c1ce8e111 btn\" style=\"background-color:#cb7e56; color:#ffffff; background-color:#cb7e56; color:#ffffff;\" href=\"https:\/\/cafecampeiro.com.br\/en\/product\/plano-campeiro-assinatura-mensal\/\" title=\"Plano Campeiro \u2013 Assinatura Mensal\">Ver plano<\/a>\t<\/div>\r\n<\/div><\/div><\/div><\/section><\/div><\/div><\/div><div class=\"vc_row wpb_row row top-row\"><div class=\"vc_column_container col-md-12\"><div class=\"wpb_wrapper vc_column-inner\">\n\t<div class=\"wpb_text_column wpb_content_element\" >\n\t\t<div class=\"wpb_wrapper\">\n\t\t\t\n\t\t<\/div>\n\t<\/div>\n<\/div><\/div><\/div>\n<\/div>","protected":false},"excerpt":{"rendered":"Bem-vindo(a) ao Clube de Assinaturas do Caf\u00e9 Campeiro! Todo m\u00eas caf\u00e9 fresquinho chegando \u00e0 sua casa J\u00e1 pensou receber todo m\u00eas a quantidade exata de caf\u00e9 que voc\u00ea consome diretamente no conforto da sua casa e ainda com a garantia de ser um produto extremamente fresco, com gr\u00e3os torrados poucos dias antes do envio? Com [...]","protected":false},"author":1,"featured_media":0,"parent":0,"menu_order":0,"comment_status":"closed","ping_status":"closed","template":"","meta":{"footnotes":""},"class_list":["post-933","page","type-page","status-publish","hentry"],"yoast_head":"<!-- This site is optimized with the Yoast SEO plugin v27.3 - https:\/\/yoast.com\/product\/yoast-seo-wordpress\/ -->\n<title>Caf\u00e9s especiais selecionados e fresquinhos para voc\u00ea todos os meses.<\/title>\n<meta name=\"description\" content=\"Acesse e conhe\u00e7a o Clube de Assinaturas do Caf\u00e9 Campeiro e escolha o seu plano!\" \/>\n<meta name=\"robots\" content=\"index, follow, max-snippet:-1, max-image-preview:large, max-video-preview:-1\" \/>\n<link rel=\"canonical\" href=\"https:\/\/cafecampeiro.com.br\/en\/clube-de-assinaturas\/\" \/>\n<meta property=\"og:locale\" content=\"en_US\" \/>\n<meta property=\"og:type\" content=\"article\" \/>\n<meta property=\"og:title\" content=\"Caf\u00e9s especiais selecionados e fresquinhos para voc\u00ea todos os meses.\" \/>\n<meta property=\"og:description\" content=\"Acesse e conhe\u00e7a o Clube de Assinaturas do Caf\u00e9 Campeiro e escolha o seu plano!\" \/>\n<meta property=\"og:url\" content=\"https:\/\/cafecampeiro.com.br\/en\/clube-de-assinaturas\/\" \/>\n<meta property=\"og:site_name\" content=\"Caf\u00e9 Campeiro\" \/>\n<meta property=\"article:modified_time\" content=\"2024-08-15T23:17:29+00:00\" \/>\n<meta name=\"twitter:card\" content=\"summary_large_image\" \/>\n<meta name=\"twitter:label1\" content=\"Est. reading time\" \/>\n\t<meta name=\"twitter:data1\" content=\"2 minutes\" \/>\n<script type=\"application\/ld+json\" class=\"yoast-schema-graph\">{\"@context\":\"https:\\\/\\\/schema.org\",\"@graph\":[{\"@type\":\"WebPage\",\"@id\":\"https:\\\/\\\/cafecampeiro.com.br\\\/clube-de-assinaturas\\\/\",\"url\":\"https:\\\/\\\/cafecampeiro.com.br\\\/clube-de-assinaturas\\\/\",\"name\":\"Caf\u00e9s especiais selecionados e fresquinhos para voc\u00ea todos os meses.\",\"isPartOf\":{\"@id\":\"https:\\\/\\\/cafecampeiro.com.br\\\/#website\"},\"datePublished\":\"2022-07-11T17:58:59+00:00\",\"dateModified\":\"2024-08-15T23:17:29+00:00\",\"description\":\"Acesse e conhe\u00e7a o Clube de Assinaturas do Caf\u00e9 Campeiro e escolha o seu plano!\",\"breadcrumb\":{\"@id\":\"https:\\\/\\\/cafecampeiro.com.br\\\/clube-de-assinaturas\\\/#breadcrumb\"},\"inLanguage\":\"en-US\",\"potentialAction\":[{\"@type\":\"ReadAction\",\"target\":[\"https:\\\/\\\/cafecampeiro.com.br\\\/clube-de-assinaturas\\\/\"]}]},{\"@type\":\"BreadcrumbList\",\"@id\":\"https:\\\/\\\/cafecampeiro.com.br\\\/clube-de-assinaturas\\\/#breadcrumb\",\"itemListElement\":[{\"@type\":\"ListItem\",\"position\":1,\"name\":\"In\u00edcio\",\"item\":\"https:\\\/\\\/cafecampeiro.com.br\\\/\"},{\"@type\":\"ListItem\",\"position\":2,\"name\":\"Clube de Assinaturas\"}]},{\"@type\":\"WebSite\",\"@id\":\"https:\\\/\\\/cafecampeiro.com.br\\\/#website\",\"url\":\"https:\\\/\\\/cafecampeiro.com.br\\\/\",\"name\":\"Caf\u00e9 Campeiro\",\"description\":\"Caf\u00e9 Campeiro\",\"potentialAction\":[{\"@type\":\"SearchAction\",\"target\":{\"@type\":\"EntryPoint\",\"urlTemplate\":\"https:\\\/\\\/cafecampeiro.com.br\\\/?s={search_term_string}\"},\"query-input\":{\"@type\":\"PropertyValueSpecification\",\"valueRequired\":true,\"valueName\":\"search_term_string\"}}],\"inLanguage\":\"en-US\"}]}<\/script>\n<!-- \/ Yoast SEO plugin. -->","yoast_head_json":{"title":"Caf\u00e9s especiais selecionados e fresquinhos para voc\u00ea todos os meses.","description":"Acesse e conhe\u00e7a o Clube de Assinaturas do Caf\u00e9 Campeiro e escolha o seu plano!","robots":{"index":"index","follow":"follow","max-snippet":"max-snippet:-1","max-image-preview":"max-image-preview:large","max-video-preview":"max-video-preview:-1"},"canonical":"https:\/\/cafecampeiro.com.br\/en\/clube-de-assinaturas\/","og_locale":"en_US","og_type":"article","og_title":"Caf\u00e9s especiais selecionados e fresquinhos para voc\u00ea todos os meses.","og_description":"Acesse e conhe\u00e7a o Clube de Assinaturas do Caf\u00e9 Campeiro e escolha o seu plano!","og_url":"https:\/\/cafecampeiro.com.br\/en\/clube-de-assinaturas\/","og_site_name":"Caf\u00e9 Campeiro","article_modified_time":"2024-08-15T23:17:29+00:00","twitter_card":"summary_large_image","twitter_misc":{"Est. reading time":"2 minutes"},"schema":{"@context":"https:\/\/schema.org","@graph":[{"@type":"WebPage","@id":"https:\/\/cafecampeiro.com.br\/clube-de-assinaturas\/","url":"https:\/\/cafecampeiro.com.br\/clube-de-assinaturas\/","name":"Caf\u00e9s especiais selecionados e fresquinhos para voc\u00ea todos os meses.","isPartOf":{"@id":"https:\/\/cafecampeiro.com.br\/#website"},"datePublished":"2022-07-11T17:58:59+00:00","dateModified":"2024-08-15T23:17:29+00:00","description":"Acesse e conhe\u00e7a o Clube de Assinaturas do Caf\u00e9 Campeiro e escolha o seu plano!","breadcrumb":{"@id":"https:\/\/cafecampeiro.com.br\/clube-de-assinaturas\/#breadcrumb"},"inLanguage":"en-US","potentialAction":[{"@type":"ReadAction","target":["https:\/\/cafecampeiro.com.br\/clube-de-assinaturas\/"]}]},{"@type":"BreadcrumbList","@id":"https:\/\/cafecampeiro.com.br\/clube-de-assinaturas\/#breadcrumb","itemListElement":[{"@type":"ListItem","position":1,"name":"In\u00edcio","item":"https:\/\/cafecampeiro.com.br\/"},{"@type":"ListItem","position":2,"name":"Clube de Assinaturas"}]},{"@type":"WebSite","@id":"https:\/\/cafecampeiro.com.br\/#website","url":"https:\/\/cafecampeiro.com.br\/","name":"Caf\u00e9 Campeiro","description":"Caf\u00e9 Campeiro","potentialAction":[{"@type":"SearchAction","target":{"@type":"EntryPoint","urlTemplate":"https:\/\/cafecampeiro.com.br\/?s={search_term_string}"},"query-input":{"@type":"PropertyValueSpecification","valueRequired":true,"valueName":"search_term_string"}}],"inLanguage":"en-US"}]}},"jetpack_sharing_enabled":true,"_links":{"self":[{"href":"https:\/\/cafecampeiro.com.br\/en\/wp-json\/wp\/v2\/pages\/933","targetHints":{"allow":["GET"]}}],"collection":[{"href":"https:\/\/cafecampeiro.com.br\/en\/wp-json\/wp\/v2\/pages"}],"about":[{"href":"https:\/\/cafecampeiro.com.br\/en\/wp-json\/wp\/v2\/types\/page"}],"author":[{"embeddable":true,"href":"https:\/\/cafecampeiro.com.br\/en\/wp-json\/wp\/v2\/users\/1"}],"replies":[{"embeddable":true,"href":"https:\/\/cafecampeiro.com.br\/en\/wp-json\/wp\/v2\/comments?post=933"}],"version-history":[{"count":1,"href":"https:\/\/cafecampeiro.com.br\/en\/wp-json\/wp\/v2\/pages\/933\/revisions"}],"predecessor-version":[{"id":6864,"href":"https:\/\/cafecampeiro.com.br\/en\/wp-json\/wp\/v2\/pages\/933\/revisions\/6864"}],"wp:attachment":[{"href":"https:\/\/cafecampeiro.com.br\/en\/wp-json\/wp\/v2\/media?parent=933"}],"curies":[{"name":"wp","href":"https:\/\/api.w.org\/{rel}","templated":true}]}}