{"id":831,"date":"2022-07-07T17:22:17","date_gmt":"2022-07-07T20:22:17","guid":{"rendered":"https:\/\/cafecampeiro.com.br\/product\/espumador\/"},"modified":"2022-11-18T17:27:37","modified_gmt":"2022-11-18T20:27:37","slug":"espumador","status":"publish","type":"product","link":"https:\/\/cafecampeiro.com.br\/en\/product\/espumador\/","title":{"rendered":"Espumador"},"content":{"rendered":"<div style=\"display: flex;flex-wrap;width: 100%;align-items: center\">\n<div style=\"width: 50%\"><img decoding=\"async\" src=\"https:\/\/cafecampeiro.com.br\/wp-content\/uploads\/2022\/07\/Novo-Projeto-2.jpg\" alt=\"Espumador\" \/><\/div>\n<div style=\"width: 50%;padding: 80px 100px\">\n<h4><b>Informa\u00e7\u00f5es:<\/b><\/h4>\n<p><span style=\"font-weight: 400\">Marca: Pressca<\/span><\/p>\n<p><span style=\"font-weight: 400\">Capacidade: 200 ml<\/span><\/p>\n<p><span style=\"font-weight: 400\">Tamanho: 7,1 x 13,5 x 18,5 cm<\/span><\/p>\n<p><span style=\"font-weight: 400\">Peso: 165g<\/span><\/p>\n<p><span style=\"font-weight: 400\">Material: pl\u00e1stico Tritan\u00ae BPA free<\/span><\/p>\n<p><span style=\"font-weight: 400\">Modelo: PR-512004<\/span><\/p>\n<p><span style=\"font-weight: 400\">Garantia: tr\u00eas meses para defeitos de fabrica\u00e7\u00e3o<\/span><\/p>\n<p>&nbsp;<\/p>\n<p>&nbsp;<\/p>\n<\/div>\n<\/div>","protected":false},"excerpt":{"rendered":"<p><span style=\"font-weight: 400;\">Se voc\u00ea \u00e9 f\u00e3 daquele caf\u00e9 cremoso, com muita espuma, ou aprecia drinks elaborados, esse acess\u00f3rio \u00e9 perfeito para ter sempre \u00e0 m\u00e3o em casa!\u00a0<\/span><\/p>\n<p><span style=\"font-weight: 400;\">Com ele, \u00e9 poss\u00edvel preparar deliciosas receitas como cappuccinos, mochas, macchiatos, shakes e achocolatados de uma maneira r\u00e1pida e f\u00e1cil. Basta aquecer o leite, mover o \u00eambolo para cima e para baixo at\u00e9 dobrar o volume da espuma e apreciar uma bebida super cremosa.\u00a0<\/span><\/p>\n<p><span style=\"font-weight: 400;\">O copo do Espumador de Leite \u00e9 composto de Tritan\u00ae, material resistente e livre de BPA, que garante mais qualidade e durabilidade ao produto.<\/span><\/p>\n<p><span style=\"font-weight: 400;\">E s\u00f3 lembrando que, al\u00e9m do leite tradicional, voc\u00ea pode utilizar tamb\u00e9m o leite vegetal (como o de soja, am\u00eandoas ou castanhas) e fazer vers\u00f5es de bebidas geladas com ambos. Aproveite!<\/span><\/p>","protected":false},"featured_media":3310,"comment_status":"open","ping_status":"closed","template":"","meta":[],"product_brand":[],"product_cat":[50,64],"product_tag":[],"class_list":{"0":"post-831","1":"product","2":"type-product","3":"status-publish","4":"has-post-thumbnail","6":"product_cat-acessorios","7":"product_cat-espumadores","9":"first","10":"instock","11":"taxable","12":"shipping-taxable","13":"purchasable","14":"product-type-simple"},"yoast_head":"<!-- This site is optimized with the Yoast SEO plugin v27.3 - https:\/\/yoast.com\/product\/yoast-seo-wordpress\/ -->\n<title>Espumador - Caf\u00e9 Campeiro<\/title>\n<meta name=\"robots\" content=\"index, follow, max-snippet:-1, max-image-preview:large, max-video-preview:-1\" \/>\n<link rel=\"canonical\" href=\"https:\/\/cafecampeiro.com.br\/en\/product\/espumador\/\" \/>\n<meta property=\"og:locale\" content=\"en_US\" \/>\n<meta property=\"og:type\" content=\"article\" \/>\n<meta property=\"og:title\" content=\"Espumador - Caf\u00e9 Campeiro\" \/>\n<meta property=\"og:description\" content=\"Se voc\u00ea \u00e9 f\u00e3 daquele caf\u00e9 cremoso, com muita espuma, ou aprecia drinks elaborados, esse acess\u00f3rio \u00e9 perfeito para ter sempre \u00e0 m\u00e3o em casa!\u00a0  Com ele, \u00e9 poss\u00edvel preparar deliciosas receitas como cappuccinos, mochas, macchiatos, shakes e achocolatados de uma maneira r\u00e1pida e f\u00e1cil. Basta aquecer o leite, mover o \u00eambolo para cima e para baixo at\u00e9 dobrar o volume da espuma e apreciar uma bebida super cremosa.\u00a0  O copo do Espumador de Leite \u00e9 composto de Tritan\u00ae, material resistente e livre de BPA, que garante mais qualidade e durabilidade ao produto.  E s\u00f3 lembrando que, al\u00e9m do leite tradicional, voc\u00ea pode utilizar tamb\u00e9m o leite vegetal (como o de soja, am\u00eandoas ou castanhas) e fazer vers\u00f5es de bebidas geladas com ambos. Aproveite!\" \/>\n<meta property=\"og:url\" content=\"https:\/\/cafecampeiro.com.br\/en\/product\/espumador\/\" \/>\n<meta property=\"og:site_name\" content=\"Caf\u00e9 Campeiro\" \/>\n<meta property=\"article:modified_time\" content=\"2022-11-18T20:27:37+00:00\" \/>\n<meta property=\"og:image\" content=\"https:\/\/cafecampeiro.com.br\/wp-content\/uploads\/2022\/11\/222f9c2d83c97f284c58eb84e4cca722.jpg\" \/>\n\t<meta property=\"og:image:width\" content=\"630\" \/>\n\t<meta property=\"og:image:height\" content=\"630\" \/>\n\t<meta property=\"og:image:type\" content=\"image\/jpeg\" \/>\n<meta name=\"twitter:card\" content=\"summary_large_image\" \/>\n<script type=\"application\/ld+json\" class=\"yoast-schema-graph\">{\"@context\":\"https:\\\/\\\/schema.org\",\"@graph\":[{\"@type\":\"WebPage\",\"@id\":\"https:\\\/\\\/cafecampeiro.com.br\\\/product\\\/espumador\\\/\",\"url\":\"https:\\\/\\\/cafecampeiro.com.br\\\/product\\\/espumador\\\/\",\"name\":\"Espumador - Caf\u00e9 Campeiro\",\"isPartOf\":{\"@id\":\"https:\\\/\\\/cafecampeiro.com.br\\\/#website\"},\"primaryImageOfPage\":{\"@id\":\"https:\\\/\\\/cafecampeiro.com.br\\\/product\\\/espumador\\\/#primaryimage\"},\"image\":{\"@id\":\"https:\\\/\\\/cafecampeiro.com.br\\\/product\\\/espumador\\\/#primaryimage\"},\"thumbnailUrl\":\"https:\\\/\\\/cafecampeiro.com.br\\\/wp-content\\\/uploads\\\/2022\\\/11\\\/222f9c2d83c97f284c58eb84e4cca722.jpg\",\"datePublished\":\"2022-07-07T20:22:17+00:00\",\"dateModified\":\"2022-11-18T20:27:37+00:00\",\"breadcrumb\":{\"@id\":\"https:\\\/\\\/cafecampeiro.com.br\\\/product\\\/espumador\\\/#breadcrumb\"},\"inLanguage\":\"en-US\",\"potentialAction\":[{\"@type\":\"ReadAction\",\"target\":[\"https:\\\/\\\/cafecampeiro.com.br\\\/product\\\/espumador\\\/\"]}]},{\"@type\":\"ImageObject\",\"inLanguage\":\"en-US\",\"@id\":\"https:\\\/\\\/cafecampeiro.com.br\\\/product\\\/espumador\\\/#primaryimage\",\"url\":\"https:\\\/\\\/cafecampeiro.com.br\\\/wp-content\\\/uploads\\\/2022\\\/11\\\/222f9c2d83c97f284c58eb84e4cca722.jpg\",\"contentUrl\":\"https:\\\/\\\/cafecampeiro.com.br\\\/wp-content\\\/uploads\\\/2022\\\/11\\\/222f9c2d83c97f284c58eb84e4cca722.jpg\",\"width\":630,\"height\":630},{\"@type\":\"BreadcrumbList\",\"@id\":\"https:\\\/\\\/cafecampeiro.com.br\\\/product\\\/espumador\\\/#breadcrumb\",\"itemListElement\":[{\"@type\":\"ListItem\",\"position\":1,\"name\":\"In\u00edcio\",\"item\":\"https:\\\/\\\/cafecampeiro.com.br\\\/\"},{\"@type\":\"ListItem\",\"position\":2,\"name\":\"Produtos\",\"item\":\"https:\\\/\\\/cafecampeiro.com.br\\\/shop\\\/\"},{\"@type\":\"ListItem\",\"position\":3,\"name\":\"Espumador\"}]},{\"@type\":\"WebSite\",\"@id\":\"https:\\\/\\\/cafecampeiro.com.br\\\/#website\",\"url\":\"https:\\\/\\\/cafecampeiro.com.br\\\/\",\"name\":\"Caf\u00e9 Campeiro\",\"description\":\"Caf\u00e9 Campeiro\",\"potentialAction\":[{\"@type\":\"SearchAction\",\"target\":{\"@type\":\"EntryPoint\",\"urlTemplate\":\"https:\\\/\\\/cafecampeiro.com.br\\\/?s={search_term_string}\"},\"query-input\":{\"@type\":\"PropertyValueSpecification\",\"valueRequired\":true,\"valueName\":\"search_term_string\"}}],\"inLanguage\":\"en-US\"}]}<\/script>\n<!-- \/ Yoast SEO plugin. -->","yoast_head_json":{"title":"Espumador - Caf\u00e9 Campeiro","robots":{"index":"index","follow":"follow","max-snippet":"max-snippet:-1","max-image-preview":"max-image-preview:large","max-video-preview":"max-video-preview:-1"},"canonical":"https:\/\/cafecampeiro.com.br\/en\/product\/espumador\/","og_locale":"en_US","og_type":"article","og_title":"Espumador - Caf\u00e9 Campeiro","og_description":"Se voc\u00ea \u00e9 f\u00e3 daquele caf\u00e9 cremoso, com muita espuma, ou aprecia drinks elaborados, esse acess\u00f3rio \u00e9 perfeito para ter sempre \u00e0 m\u00e3o em casa!\u00a0  Com ele, \u00e9 poss\u00edvel preparar deliciosas receitas como cappuccinos, mochas, macchiatos, shakes e achocolatados de uma maneira r\u00e1pida e f\u00e1cil. Basta aquecer o leite, mover o \u00eambolo para cima e para baixo at\u00e9 dobrar o volume da espuma e apreciar uma bebida super cremosa.\u00a0  O copo do Espumador de Leite \u00e9 composto de Tritan\u00ae, material resistente e livre de BPA, que garante mais qualidade e durabilidade ao produto.  E s\u00f3 lembrando que, al\u00e9m do leite tradicional, voc\u00ea pode utilizar tamb\u00e9m o leite vegetal (como o de soja, am\u00eandoas ou castanhas) e fazer vers\u00f5es de bebidas geladas com ambos. Aproveite!","og_url":"https:\/\/cafecampeiro.com.br\/en\/product\/espumador\/","og_site_name":"Caf\u00e9 Campeiro","article_modified_time":"2022-11-18T20:27:37+00:00","og_image":[{"width":630,"height":630,"url":"https:\/\/cafecampeiro.com.br\/wp-content\/uploads\/2022\/11\/222f9c2d83c97f284c58eb84e4cca722.jpg","type":"image\/jpeg"}],"twitter_card":"summary_large_image","schema":{"@context":"https:\/\/schema.org","@graph":[{"@type":"WebPage","@id":"https:\/\/cafecampeiro.com.br\/product\/espumador\/","url":"https:\/\/cafecampeiro.com.br\/product\/espumador\/","name":"Espumador - Caf\u00e9 Campeiro","isPartOf":{"@id":"https:\/\/cafecampeiro.com.br\/#website"},"primaryImageOfPage":{"@id":"https:\/\/cafecampeiro.com.br\/product\/espumador\/#primaryimage"},"image":{"@id":"https:\/\/cafecampeiro.com.br\/product\/espumador\/#primaryimage"},"thumbnailUrl":"https:\/\/cafecampeiro.com.br\/wp-content\/uploads\/2022\/11\/222f9c2d83c97f284c58eb84e4cca722.jpg","datePublished":"2022-07-07T20:22:17+00:00","dateModified":"2022-11-18T20:27:37+00:00","breadcrumb":{"@id":"https:\/\/cafecampeiro.com.br\/product\/espumador\/#breadcrumb"},"inLanguage":"en-US","potentialAction":[{"@type":"ReadAction","target":["https:\/\/cafecampeiro.com.br\/product\/espumador\/"]}]},{"@type":"ImageObject","inLanguage":"en-US","@id":"https:\/\/cafecampeiro.com.br\/product\/espumador\/#primaryimage","url":"https:\/\/cafecampeiro.com.br\/wp-content\/uploads\/2022\/11\/222f9c2d83c97f284c58eb84e4cca722.jpg","contentUrl":"https:\/\/cafecampeiro.com.br\/wp-content\/uploads\/2022\/11\/222f9c2d83c97f284c58eb84e4cca722.jpg","width":630,"height":630},{"@type":"BreadcrumbList","@id":"https:\/\/cafecampeiro.com.br\/product\/espumador\/#breadcrumb","itemListElement":[{"@type":"ListItem","position":1,"name":"In\u00edcio","item":"https:\/\/cafecampeiro.com.br\/"},{"@type":"ListItem","position":2,"name":"Produtos","item":"https:\/\/cafecampeiro.com.br\/shop\/"},{"@type":"ListItem","position":3,"name":"Espumador"}]},{"@type":"WebSite","@id":"https:\/\/cafecampeiro.com.br\/#website","url":"https:\/\/cafecampeiro.com.br\/","name":"Caf\u00e9 Campeiro","description":"Caf\u00e9 Campeiro","potentialAction":[{"@type":"SearchAction","target":{"@type":"EntryPoint","urlTemplate":"https:\/\/cafecampeiro.com.br\/?s={search_term_string}"},"query-input":{"@type":"PropertyValueSpecification","valueRequired":true,"valueName":"search_term_string"}}],"inLanguage":"en-US"}]}},"jetpack_sharing_enabled":true,"_links":{"self":[{"href":"https:\/\/cafecampeiro.com.br\/en\/wp-json\/wp\/v2\/product\/831","targetHints":{"allow":["GET"]}}],"collection":[{"href":"https:\/\/cafecampeiro.com.br\/en\/wp-json\/wp\/v2\/product"}],"about":[{"href":"https:\/\/cafecampeiro.com.br\/en\/wp-json\/wp\/v2\/types\/product"}],"replies":[{"embeddable":true,"href":"https:\/\/cafecampeiro.com.br\/en\/wp-json\/wp\/v2\/comments?post=831"}],"wp:featuredmedia":[{"embeddable":true,"href":"https:\/\/cafecampeiro.com.br\/en\/wp-json\/wp\/v2\/media\/3310"}],"wp:attachment":[{"href":"https:\/\/cafecampeiro.com.br\/en\/wp-json\/wp\/v2\/media?parent=831"}],"wp:term":[{"taxonomy":"product_brand","embeddable":true,"href":"https:\/\/cafecampeiro.com.br\/en\/wp-json\/wp\/v2\/product_brand?post=831"},{"taxonomy":"product_cat","embeddable":true,"href":"https:\/\/cafecampeiro.com.br\/en\/wp-json\/wp\/v2\/product_cat?post=831"},{"taxonomy":"product_tag","embeddable":true,"href":"https:\/\/cafecampeiro.com.br\/en\/wp-json\/wp\/v2\/product_tag?post=831"}],"curies":[{"name":"wp","href":"https:\/\/api.w.org\/{rel}","templated":true}]}}