{"id":832,"date":"2022-07-07T20:22:21","date_gmt":"2022-07-07T20:22:21","guid":{"rendered":"https:\/\/cafecampeiro.com.br\/product\/filtro-v60\/"},"modified":"2022-10-18T17:51:28","modified_gmt":"2022-10-18T20:51:28","slug":"filtro-v60","status":"publish","type":"product","link":"https:\/\/cafecampeiro.com.br\/en\/product\/filtro-v60\/","title":{"rendered":"Filtro V60"},"content":{"rendered":"<div style=\"display: flex; flex-wrap;width: 100%; align-items: center;\">\n<div style=\"width: 50%;\"><img decoding=\"async\" src=\"https:\/\/cafecampeiro.com.br\/wp-content\/uploads\/2022\/07\/1-4-1.png\" alt=\"V60\" \/><\/div>\n<div style=\"width: 50%; padding: 80px 100px;\">\n<h4><b>Informa\u00e7\u00f5es:<\/b><\/h4>\n<p><span style=\"font-weight: 400;\">Marca: Hario<\/span><\/p>\n<p><span style=\"font-weight: 400;\">Quantidade: 100 unidades por embalagem<\/span><\/p>\n<p><span style=\"font-weight: 400;\">Compatibilidade: V60-02 (2 &#8211; 4 x\u00edcaras)<\/span><\/p>\n<p><span style=\"font-weight: 400;\">Material: papel<\/span><\/p>\n<p><span style=\"font-weight: 400;\">Cor: branco<\/span><\/p>\n<p><span style=\"font-weight: 400;\">Dimens\u00f5es: 54 x 36 x 61 cm<\/span><\/p>\n<p><span style=\"font-weight: 400;\">Peso: 100g<\/span><\/p>\n<p><span style=\"font-weight: 400;\">Modelo: VCF-02-100W<\/span><\/p>\n<p><span style=\"font-weight: 400;\">Garantia: tr\u00eas meses para defeitos de fabrica\u00e7\u00e3o<\/span><\/p>\n<\/div>\n<\/div>","protected":false},"excerpt":{"rendered":"<p><span style=\"font-weight: 400;\">Para uma bebida limpa, saborosa, sem res\u00edduos e com as caracter\u00edsticas do gr\u00e3o de caf\u00e9 ressaltadas &#8211; como a acidez e a do\u00e7ura -, aposte nos filtros de papel da Hario!<\/span><\/p>\n<p><span style=\"font-weight: 400;\">O V60-02 possui formato c\u00f4nico, se encaixa perfeitamente nos suportes para filtro de caf\u00e9 V60-02 Hario e permite uma filtragem homog\u00eanea, sem obst\u00e1culos para a passagem da \u00e1gua.<\/span><\/p>\n<p><span style=\"font-weight: 400;\">Experimente o acess\u00f3rio e se surpreenda com a qualidade potencializada que o seu caf\u00e9 vai apresentar!<\/span><\/p>","protected":false},"featured_media":2874,"comment_status":"open","ping_status":"closed","template":"","meta":[],"product_brand":[],"product_cat":[50,69,67],"product_tag":[],"class_list":{"0":"post-832","1":"product","2":"type-product","3":"status-publish","4":"has-post-thumbnail","6":"product_cat-acessorios","7":"product_cat-filtros","8":"product_cat-preparo-de-cafe","10":"first","11":"instock","12":"taxable","13":"shipping-taxable","14":"purchasable","15":"product-type-simple"},"yoast_head":"<!-- This site is optimized with the Yoast SEO plugin v27.3 - https:\/\/yoast.com\/product\/yoast-seo-wordpress\/ -->\n<title>Filtro V60 - Caf\u00e9 Campeiro<\/title>\n<meta name=\"robots\" content=\"index, follow, max-snippet:-1, max-image-preview:large, max-video-preview:-1\" \/>\n<link rel=\"canonical\" href=\"https:\/\/cafecampeiro.com.br\/en\/product\/filtro-v60\/\" \/>\n<meta property=\"og:locale\" content=\"en_US\" \/>\n<meta property=\"og:type\" content=\"article\" \/>\n<meta property=\"og:title\" content=\"Filtro V60 - Caf\u00e9 Campeiro\" \/>\n<meta property=\"og:description\" content=\"Para uma bebida limpa, saborosa, sem res\u00edduos e com as caracter\u00edsticas do gr\u00e3o de caf\u00e9 ressaltadas - como a acidez e a do\u00e7ura -, aposte nos filtros de papel da Hario!  O V60-02 possui formato c\u00f4nico, se encaixa perfeitamente nos suportes para filtro de caf\u00e9 V60-02 Hario e permite uma filtragem homog\u00eanea, sem obst\u00e1culos para a passagem da \u00e1gua.  Experimente o acess\u00f3rio e se surpreenda com a qualidade potencializada que o seu caf\u00e9 vai apresentar!\" \/>\n<meta property=\"og:url\" content=\"https:\/\/cafecampeiro.com.br\/en\/product\/filtro-v60\/\" \/>\n<meta property=\"og:site_name\" content=\"Caf\u00e9 Campeiro\" \/>\n<meta property=\"article:modified_time\" content=\"2022-10-18T20:51:28+00:00\" \/>\n<meta property=\"og:image\" content=\"https:\/\/cafecampeiro.com.br\/wp-content\/uploads\/2022\/07\/1-4-1.png\" \/>\n\t<meta property=\"og:image:width\" content=\"1011\" \/>\n\t<meta property=\"og:image:height\" content=\"1125\" \/>\n\t<meta property=\"og:image:type\" content=\"image\/png\" \/>\n<meta name=\"twitter:card\" content=\"summary_large_image\" \/>\n<script type=\"application\/ld+json\" class=\"yoast-schema-graph\">{\"@context\":\"https:\\\/\\\/schema.org\",\"@graph\":[{\"@type\":\"WebPage\",\"@id\":\"https:\\\/\\\/cafecampeiro.com.br\\\/product\\\/filtro-v60\\\/\",\"url\":\"https:\\\/\\\/cafecampeiro.com.br\\\/product\\\/filtro-v60\\\/\",\"name\":\"Filtro V60 - Caf\u00e9 Campeiro\",\"isPartOf\":{\"@id\":\"https:\\\/\\\/cafecampeiro.com.br\\\/#website\"},\"primaryImageOfPage\":{\"@id\":\"https:\\\/\\\/cafecampeiro.com.br\\\/product\\\/filtro-v60\\\/#primaryimage\"},\"image\":{\"@id\":\"https:\\\/\\\/cafecampeiro.com.br\\\/product\\\/filtro-v60\\\/#primaryimage\"},\"thumbnailUrl\":\"https:\\\/\\\/cafecampeiro.com.br\\\/wp-content\\\/uploads\\\/2022\\\/07\\\/1-4-1.png\",\"datePublished\":\"2022-07-07T20:22:21+00:00\",\"dateModified\":\"2022-10-18T20:51:28+00:00\",\"breadcrumb\":{\"@id\":\"https:\\\/\\\/cafecampeiro.com.br\\\/product\\\/filtro-v60\\\/#breadcrumb\"},\"inLanguage\":\"en-US\",\"potentialAction\":[{\"@type\":\"ReadAction\",\"target\":[\"https:\\\/\\\/cafecampeiro.com.br\\\/product\\\/filtro-v60\\\/\"]}]},{\"@type\":\"ImageObject\",\"inLanguage\":\"en-US\",\"@id\":\"https:\\\/\\\/cafecampeiro.com.br\\\/product\\\/filtro-v60\\\/#primaryimage\",\"url\":\"https:\\\/\\\/cafecampeiro.com.br\\\/wp-content\\\/uploads\\\/2022\\\/07\\\/1-4-1.png\",\"contentUrl\":\"https:\\\/\\\/cafecampeiro.com.br\\\/wp-content\\\/uploads\\\/2022\\\/07\\\/1-4-1.png\",\"width\":1011,\"height\":1125},{\"@type\":\"BreadcrumbList\",\"@id\":\"https:\\\/\\\/cafecampeiro.com.br\\\/product\\\/filtro-v60\\\/#breadcrumb\",\"itemListElement\":[{\"@type\":\"ListItem\",\"position\":1,\"name\":\"In\u00edcio\",\"item\":\"https:\\\/\\\/cafecampeiro.com.br\\\/\"},{\"@type\":\"ListItem\",\"position\":2,\"name\":\"Produtos\",\"item\":\"https:\\\/\\\/cafecampeiro.com.br\\\/shop\\\/\"},{\"@type\":\"ListItem\",\"position\":3,\"name\":\"Filtro V60\"}]},{\"@type\":\"WebSite\",\"@id\":\"https:\\\/\\\/cafecampeiro.com.br\\\/#website\",\"url\":\"https:\\\/\\\/cafecampeiro.com.br\\\/\",\"name\":\"Caf\u00e9 Campeiro\",\"description\":\"Caf\u00e9 Campeiro\",\"potentialAction\":[{\"@type\":\"SearchAction\",\"target\":{\"@type\":\"EntryPoint\",\"urlTemplate\":\"https:\\\/\\\/cafecampeiro.com.br\\\/?s={search_term_string}\"},\"query-input\":{\"@type\":\"PropertyValueSpecification\",\"valueRequired\":true,\"valueName\":\"search_term_string\"}}],\"inLanguage\":\"en-US\"}]}<\/script>\n<!-- \/ Yoast SEO plugin. -->","yoast_head_json":{"title":"Filtro V60 - Caf\u00e9 Campeiro","robots":{"index":"index","follow":"follow","max-snippet":"max-snippet:-1","max-image-preview":"max-image-preview:large","max-video-preview":"max-video-preview:-1"},"canonical":"https:\/\/cafecampeiro.com.br\/en\/product\/filtro-v60\/","og_locale":"en_US","og_type":"article","og_title":"Filtro V60 - Caf\u00e9 Campeiro","og_description":"Para uma bebida limpa, saborosa, sem res\u00edduos e com as caracter\u00edsticas do gr\u00e3o de caf\u00e9 ressaltadas - como a acidez e a do\u00e7ura -, aposte nos filtros de papel da Hario!  O V60-02 possui formato c\u00f4nico, se encaixa perfeitamente nos suportes para filtro de caf\u00e9 V60-02 Hario e permite uma filtragem homog\u00eanea, sem obst\u00e1culos para a passagem da \u00e1gua.  Experimente o acess\u00f3rio e se surpreenda com a qualidade potencializada que o seu caf\u00e9 vai apresentar!","og_url":"https:\/\/cafecampeiro.com.br\/en\/product\/filtro-v60\/","og_site_name":"Caf\u00e9 Campeiro","article_modified_time":"2022-10-18T20:51:28+00:00","og_image":[{"width":1011,"height":1125,"url":"https:\/\/cafecampeiro.com.br\/wp-content\/uploads\/2022\/07\/1-4-1.png","type":"image\/png"}],"twitter_card":"summary_large_image","schema":{"@context":"https:\/\/schema.org","@graph":[{"@type":"WebPage","@id":"https:\/\/cafecampeiro.com.br\/product\/filtro-v60\/","url":"https:\/\/cafecampeiro.com.br\/product\/filtro-v60\/","name":"Filtro V60 - Caf\u00e9 Campeiro","isPartOf":{"@id":"https:\/\/cafecampeiro.com.br\/#website"},"primaryImageOfPage":{"@id":"https:\/\/cafecampeiro.com.br\/product\/filtro-v60\/#primaryimage"},"image":{"@id":"https:\/\/cafecampeiro.com.br\/product\/filtro-v60\/#primaryimage"},"thumbnailUrl":"https:\/\/cafecampeiro.com.br\/wp-content\/uploads\/2022\/07\/1-4-1.png","datePublished":"2022-07-07T20:22:21+00:00","dateModified":"2022-10-18T20:51:28+00:00","breadcrumb":{"@id":"https:\/\/cafecampeiro.com.br\/product\/filtro-v60\/#breadcrumb"},"inLanguage":"en-US","potentialAction":[{"@type":"ReadAction","target":["https:\/\/cafecampeiro.com.br\/product\/filtro-v60\/"]}]},{"@type":"ImageObject","inLanguage":"en-US","@id":"https:\/\/cafecampeiro.com.br\/product\/filtro-v60\/#primaryimage","url":"https:\/\/cafecampeiro.com.br\/wp-content\/uploads\/2022\/07\/1-4-1.png","contentUrl":"https:\/\/cafecampeiro.com.br\/wp-content\/uploads\/2022\/07\/1-4-1.png","width":1011,"height":1125},{"@type":"BreadcrumbList","@id":"https:\/\/cafecampeiro.com.br\/product\/filtro-v60\/#breadcrumb","itemListElement":[{"@type":"ListItem","position":1,"name":"In\u00edcio","item":"https:\/\/cafecampeiro.com.br\/"},{"@type":"ListItem","position":2,"name":"Produtos","item":"https:\/\/cafecampeiro.com.br\/shop\/"},{"@type":"ListItem","position":3,"name":"Filtro V60"}]},{"@type":"WebSite","@id":"https:\/\/cafecampeiro.com.br\/#website","url":"https:\/\/cafecampeiro.com.br\/","name":"Caf\u00e9 Campeiro","description":"Caf\u00e9 Campeiro","potentialAction":[{"@type":"SearchAction","target":{"@type":"EntryPoint","urlTemplate":"https:\/\/cafecampeiro.com.br\/?s={search_term_string}"},"query-input":{"@type":"PropertyValueSpecification","valueRequired":true,"valueName":"search_term_string"}}],"inLanguage":"en-US"}]}},"jetpack_sharing_enabled":true,"_links":{"self":[{"href":"https:\/\/cafecampeiro.com.br\/en\/wp-json\/wp\/v2\/product\/832","targetHints":{"allow":["GET"]}}],"collection":[{"href":"https:\/\/cafecampeiro.com.br\/en\/wp-json\/wp\/v2\/product"}],"about":[{"href":"https:\/\/cafecampeiro.com.br\/en\/wp-json\/wp\/v2\/types\/product"}],"replies":[{"embeddable":true,"href":"https:\/\/cafecampeiro.com.br\/en\/wp-json\/wp\/v2\/comments?post=832"}],"wp:featuredmedia":[{"embeddable":true,"href":"https:\/\/cafecampeiro.com.br\/en\/wp-json\/wp\/v2\/media\/2874"}],"wp:attachment":[{"href":"https:\/\/cafecampeiro.com.br\/en\/wp-json\/wp\/v2\/media?parent=832"}],"wp:term":[{"taxonomy":"product_brand","embeddable":true,"href":"https:\/\/cafecampeiro.com.br\/en\/wp-json\/wp\/v2\/product_brand?post=832"},{"taxonomy":"product_cat","embeddable":true,"href":"https:\/\/cafecampeiro.com.br\/en\/wp-json\/wp\/v2\/product_cat?post=832"},{"taxonomy":"product_tag","embeddable":true,"href":"https:\/\/cafecampeiro.com.br\/en\/wp-json\/wp\/v2\/product_tag?post=832"}],"curies":[{"name":"wp","href":"https:\/\/api.w.org\/{rel}","templated":true}]}}