{"id":833,"date":"2022-07-07T20:22:25","date_gmt":"2022-07-07T20:22:25","guid":{"rendered":"https:\/\/cafecampeiro.com.br\/product\/kit-presente\/"},"modified":"2022-11-03T13:02:22","modified_gmt":"2022-11-03T16:02:22","slug":"kit-presente","status":"publish","type":"product","link":"https:\/\/cafecampeiro.com.br\/en\/product\/kit-presente\/","title":{"rendered":"Kit V60"},"content":{"rendered":"<div style=\"display: flex; flex-wrap;width: 100%;\">\n<div style=\"width: 50%; background-size: cover; background-position: center; background-image: url('http:\/\/cafecampeiro.com.br\/wp-content\/uploads\/2022\/07\/kit-descricao.jpg'); min-height: 600px; border-top-left-radius: 47px; border-bottom-left-radius: 47px;\"><\/div>\n<div style=\"width: 50%; padding: 80px 100px;\">\n<h4><b>Informa\u00e7\u00f5es:<\/b><\/h4>\n<p><span style=\"font-weight: 400;\">Marca:<\/span> <span style=\"font-weight: 400;\">Hario<\/span><\/p>\n<p><span style=\"font-weight: 400;\">Material: jarra em vidro, coador em acr\u00edlico, filtros em papel, dosador em pl\u00e1stico<\/span><\/p>\n<p><span style=\"font-weight: 400;\">Capacidade: 1 a 4 x\u00edcaras<\/span><\/p>\n<p><span style=\"font-weight: 400;\">Dimens\u00f5es aproximadas do produto (cm) AxLxP: 22 x 12,5 x 17 cm<\/span><\/p>\n<p><span style=\"font-weight: 400;\">Peso: 700g<\/span><\/p>\n<p><span style=\"font-weight: 400;\">Modelo: VCSD-02B-EX<\/span><\/p>\n<p><span style=\"font-weight: 400;\">Garantia: tr\u00eas meses para defeitos de fabrica\u00e7\u00e3o.<\/span><\/p>\n<\/div>\n<\/div>","protected":false},"excerpt":{"rendered":"<p><span style=\"font-weight: 400;\">O Pour Over Kit V60 re\u00fane os principais equipamentos para uma boa extra\u00e7\u00e3o de caf\u00e9s coados.\u00a0<\/span><\/p>\n<p><span style=\"font-weight: 400;\">A Hario \u00e9 uma marca japonesa especialista na produ\u00e7\u00e3o de diversos acess\u00f3rios para o preparo de caf\u00e9. Por isso, o Suporte Hario V60-02 \u00e9 a escolha de baristas e entusiastas da bebida no mundo todo. Alguns detalhes o diferenciam dos coadores comuns: espirais na parte interna, que facilitam a expans\u00e3o do p\u00f3 de caf\u00e9, e uma grande abertura na base do coador, que permite controlar a velocidade e a absor\u00e7\u00e3o do caf\u00e9 durante o tempo de filtragem.<\/span><\/p>\n<p><span style=\"font-weight: 400;\">Apesar de parecerem pequenas, essas caracter\u00edsticas resultam em um sabor surpreendente, com do\u00e7ura e acidez acentuadas.<\/span><\/p>\n<p class=\"kit\"><span style=\"font-weight: 400;\">O kit cont\u00e9m:<\/span><\/p>\n<p class=\"kit\"><span style=\"font-weight: 400;\">1 jarra VCS-02B de vidro 700 ml<\/span><\/p>\n<p class=\"kit\"><span style=\"font-weight: 400;\">1 pacote com 40 unidades de filtro V60-02 natural<\/span><\/p>\n<p class=\"kit\">1 V60-02 de acr\u00edlico vermelho<\/p>\n<p class=\"kit\">1 colher de medida V60<\/p>","protected":false},"featured_media":3016,"comment_status":"open","ping_status":"closed","template":"","meta":[],"product_brand":[],"product_cat":[50,67],"product_tag":[],"class_list":{"0":"post-833","1":"product","2":"type-product","3":"status-publish","4":"has-post-thumbnail","6":"product_cat-acessorios","7":"product_cat-preparo-de-cafe","9":"first","10":"instock","11":"taxable","12":"shipping-taxable","13":"purchasable","14":"product-type-simple"},"yoast_head":"<!-- This site is optimized with the Yoast SEO plugin v27.3 - https:\/\/yoast.com\/product\/yoast-seo-wordpress\/ -->\n<title>Kit V60 - Caf\u00e9 Campeiro<\/title>\n<meta name=\"robots\" content=\"index, follow, max-snippet:-1, max-image-preview:large, max-video-preview:-1\" \/>\n<link rel=\"canonical\" href=\"https:\/\/cafecampeiro.com.br\/en\/product\/kit-presente\/\" \/>\n<meta property=\"og:locale\" content=\"en_US\" \/>\n<meta property=\"og:type\" content=\"article\" \/>\n<meta property=\"og:title\" content=\"Kit V60 - Caf\u00e9 Campeiro\" \/>\n<meta property=\"og:description\" content=\"O Pour Over Kit V60 re\u00fane os principais equipamentos para uma boa extra\u00e7\u00e3o de caf\u00e9s coados.\u00a0  A Hario \u00e9 uma marca japonesa especialista na produ\u00e7\u00e3o de diversos acess\u00f3rios para o preparo de caf\u00e9. Por isso, o Suporte Hario V60-02 \u00e9 a escolha de baristas e entusiastas da bebida no mundo todo. Alguns detalhes o diferenciam dos coadores comuns: espirais na parte interna, que facilitam a expans\u00e3o do p\u00f3 de caf\u00e9, e uma grande abertura na base do coador, que permite controlar a velocidade e a absor\u00e7\u00e3o do caf\u00e9 durante o tempo de filtragem.  Apesar de parecerem pequenas, essas caracter\u00edsticas resultam em um sabor surpreendente, com do\u00e7ura e acidez acentuadas. O kit cont\u00e9m: 1 jarra VCS-02B de vidro 700 ml 1 pacote com 40 unidades de filtro V60-02 natural 1 V60-02 de acr\u00edlico vermelho 1 colher de medida V60\" \/>\n<meta property=\"og:url\" content=\"https:\/\/cafecampeiro.com.br\/en\/product\/kit-presente\/\" \/>\n<meta property=\"og:site_name\" content=\"Caf\u00e9 Campeiro\" \/>\n<meta property=\"article:modified_time\" content=\"2022-11-03T16:02:22+00:00\" \/>\n<meta property=\"og:image\" content=\"https:\/\/cafecampeiro.com.br\/wp-content\/uploads\/2022\/08\/1-1.png\" \/>\n\t<meta property=\"og:image:width\" content=\"1125\" \/>\n\t<meta property=\"og:image:height\" content=\"819\" \/>\n\t<meta property=\"og:image:type\" content=\"image\/png\" \/>\n<meta name=\"twitter:card\" content=\"summary_large_image\" \/>\n<script type=\"application\/ld+json\" class=\"yoast-schema-graph\">{\"@context\":\"https:\\\/\\\/schema.org\",\"@graph\":[{\"@type\":\"WebPage\",\"@id\":\"https:\\\/\\\/cafecampeiro.com.br\\\/product\\\/kit-presente\\\/\",\"url\":\"https:\\\/\\\/cafecampeiro.com.br\\\/product\\\/kit-presente\\\/\",\"name\":\"Kit V60 - Caf\u00e9 Campeiro\",\"isPartOf\":{\"@id\":\"https:\\\/\\\/cafecampeiro.com.br\\\/#website\"},\"primaryImageOfPage\":{\"@id\":\"https:\\\/\\\/cafecampeiro.com.br\\\/product\\\/kit-presente\\\/#primaryimage\"},\"image\":{\"@id\":\"https:\\\/\\\/cafecampeiro.com.br\\\/product\\\/kit-presente\\\/#primaryimage\"},\"thumbnailUrl\":\"https:\\\/\\\/cafecampeiro.com.br\\\/wp-content\\\/uploads\\\/2022\\\/08\\\/1-1.png\",\"datePublished\":\"2022-07-07T20:22:25+00:00\",\"dateModified\":\"2022-11-03T16:02:22+00:00\",\"breadcrumb\":{\"@id\":\"https:\\\/\\\/cafecampeiro.com.br\\\/product\\\/kit-presente\\\/#breadcrumb\"},\"inLanguage\":\"en-US\",\"potentialAction\":[{\"@type\":\"ReadAction\",\"target\":[\"https:\\\/\\\/cafecampeiro.com.br\\\/product\\\/kit-presente\\\/\"]}]},{\"@type\":\"ImageObject\",\"inLanguage\":\"en-US\",\"@id\":\"https:\\\/\\\/cafecampeiro.com.br\\\/product\\\/kit-presente\\\/#primaryimage\",\"url\":\"https:\\\/\\\/cafecampeiro.com.br\\\/wp-content\\\/uploads\\\/2022\\\/08\\\/1-1.png\",\"contentUrl\":\"https:\\\/\\\/cafecampeiro.com.br\\\/wp-content\\\/uploads\\\/2022\\\/08\\\/1-1.png\",\"width\":1125,\"height\":819},{\"@type\":\"BreadcrumbList\",\"@id\":\"https:\\\/\\\/cafecampeiro.com.br\\\/product\\\/kit-presente\\\/#breadcrumb\",\"itemListElement\":[{\"@type\":\"ListItem\",\"position\":1,\"name\":\"In\u00edcio\",\"item\":\"https:\\\/\\\/cafecampeiro.com.br\\\/\"},{\"@type\":\"ListItem\",\"position\":2,\"name\":\"Produtos\",\"item\":\"https:\\\/\\\/cafecampeiro.com.br\\\/shop\\\/\"},{\"@type\":\"ListItem\",\"position\":3,\"name\":\"Kit V60\"}]},{\"@type\":\"WebSite\",\"@id\":\"https:\\\/\\\/cafecampeiro.com.br\\\/#website\",\"url\":\"https:\\\/\\\/cafecampeiro.com.br\\\/\",\"name\":\"Caf\u00e9 Campeiro\",\"description\":\"Caf\u00e9 Campeiro\",\"potentialAction\":[{\"@type\":\"SearchAction\",\"target\":{\"@type\":\"EntryPoint\",\"urlTemplate\":\"https:\\\/\\\/cafecampeiro.com.br\\\/?s={search_term_string}\"},\"query-input\":{\"@type\":\"PropertyValueSpecification\",\"valueRequired\":true,\"valueName\":\"search_term_string\"}}],\"inLanguage\":\"en-US\"}]}<\/script>\n<!-- \/ Yoast SEO plugin. -->","yoast_head_json":{"title":"Kit V60 - Caf\u00e9 Campeiro","robots":{"index":"index","follow":"follow","max-snippet":"max-snippet:-1","max-image-preview":"max-image-preview:large","max-video-preview":"max-video-preview:-1"},"canonical":"https:\/\/cafecampeiro.com.br\/en\/product\/kit-presente\/","og_locale":"en_US","og_type":"article","og_title":"Kit V60 - Caf\u00e9 Campeiro","og_description":"O Pour Over Kit V60 re\u00fane os principais equipamentos para uma boa extra\u00e7\u00e3o de caf\u00e9s coados.\u00a0  A Hario \u00e9 uma marca japonesa especialista na produ\u00e7\u00e3o de diversos acess\u00f3rios para o preparo de caf\u00e9. Por isso, o Suporte Hario V60-02 \u00e9 a escolha de baristas e entusiastas da bebida no mundo todo. Alguns detalhes o diferenciam dos coadores comuns: espirais na parte interna, que facilitam a expans\u00e3o do p\u00f3 de caf\u00e9, e uma grande abertura na base do coador, que permite controlar a velocidade e a absor\u00e7\u00e3o do caf\u00e9 durante o tempo de filtragem.  Apesar de parecerem pequenas, essas caracter\u00edsticas resultam em um sabor surpreendente, com do\u00e7ura e acidez acentuadas. O kit cont\u00e9m: 1 jarra VCS-02B de vidro 700 ml 1 pacote com 40 unidades de filtro V60-02 natural 1 V60-02 de acr\u00edlico vermelho 1 colher de medida V60","og_url":"https:\/\/cafecampeiro.com.br\/en\/product\/kit-presente\/","og_site_name":"Caf\u00e9 Campeiro","article_modified_time":"2022-11-03T16:02:22+00:00","og_image":[{"width":1125,"height":819,"url":"https:\/\/cafecampeiro.com.br\/wp-content\/uploads\/2022\/08\/1-1.png","type":"image\/png"}],"twitter_card":"summary_large_image","schema":{"@context":"https:\/\/schema.org","@graph":[{"@type":"WebPage","@id":"https:\/\/cafecampeiro.com.br\/product\/kit-presente\/","url":"https:\/\/cafecampeiro.com.br\/product\/kit-presente\/","name":"Kit V60 - Caf\u00e9 Campeiro","isPartOf":{"@id":"https:\/\/cafecampeiro.com.br\/#website"},"primaryImageOfPage":{"@id":"https:\/\/cafecampeiro.com.br\/product\/kit-presente\/#primaryimage"},"image":{"@id":"https:\/\/cafecampeiro.com.br\/product\/kit-presente\/#primaryimage"},"thumbnailUrl":"https:\/\/cafecampeiro.com.br\/wp-content\/uploads\/2022\/08\/1-1.png","datePublished":"2022-07-07T20:22:25+00:00","dateModified":"2022-11-03T16:02:22+00:00","breadcrumb":{"@id":"https:\/\/cafecampeiro.com.br\/product\/kit-presente\/#breadcrumb"},"inLanguage":"en-US","potentialAction":[{"@type":"ReadAction","target":["https:\/\/cafecampeiro.com.br\/product\/kit-presente\/"]}]},{"@type":"ImageObject","inLanguage":"en-US","@id":"https:\/\/cafecampeiro.com.br\/product\/kit-presente\/#primaryimage","url":"https:\/\/cafecampeiro.com.br\/wp-content\/uploads\/2022\/08\/1-1.png","contentUrl":"https:\/\/cafecampeiro.com.br\/wp-content\/uploads\/2022\/08\/1-1.png","width":1125,"height":819},{"@type":"BreadcrumbList","@id":"https:\/\/cafecampeiro.com.br\/product\/kit-presente\/#breadcrumb","itemListElement":[{"@type":"ListItem","position":1,"name":"In\u00edcio","item":"https:\/\/cafecampeiro.com.br\/"},{"@type":"ListItem","position":2,"name":"Produtos","item":"https:\/\/cafecampeiro.com.br\/shop\/"},{"@type":"ListItem","position":3,"name":"Kit V60"}]},{"@type":"WebSite","@id":"https:\/\/cafecampeiro.com.br\/#website","url":"https:\/\/cafecampeiro.com.br\/","name":"Caf\u00e9 Campeiro","description":"Caf\u00e9 Campeiro","potentialAction":[{"@type":"SearchAction","target":{"@type":"EntryPoint","urlTemplate":"https:\/\/cafecampeiro.com.br\/?s={search_term_string}"},"query-input":{"@type":"PropertyValueSpecification","valueRequired":true,"valueName":"search_term_string"}}],"inLanguage":"en-US"}]}},"jetpack_sharing_enabled":true,"_links":{"self":[{"href":"https:\/\/cafecampeiro.com.br\/en\/wp-json\/wp\/v2\/product\/833","targetHints":{"allow":["GET"]}}],"collection":[{"href":"https:\/\/cafecampeiro.com.br\/en\/wp-json\/wp\/v2\/product"}],"about":[{"href":"https:\/\/cafecampeiro.com.br\/en\/wp-json\/wp\/v2\/types\/product"}],"replies":[{"embeddable":true,"href":"https:\/\/cafecampeiro.com.br\/en\/wp-json\/wp\/v2\/comments?post=833"}],"wp:featuredmedia":[{"embeddable":true,"href":"https:\/\/cafecampeiro.com.br\/en\/wp-json\/wp\/v2\/media\/3016"}],"wp:attachment":[{"href":"https:\/\/cafecampeiro.com.br\/en\/wp-json\/wp\/v2\/media?parent=833"}],"wp:term":[{"taxonomy":"product_brand","embeddable":true,"href":"https:\/\/cafecampeiro.com.br\/en\/wp-json\/wp\/v2\/product_brand?post=833"},{"taxonomy":"product_cat","embeddable":true,"href":"https:\/\/cafecampeiro.com.br\/en\/wp-json\/wp\/v2\/product_cat?post=833"},{"taxonomy":"product_tag","embeddable":true,"href":"https:\/\/cafecampeiro.com.br\/en\/wp-json\/wp\/v2\/product_tag?post=833"}],"curies":[{"name":"wp","href":"https:\/\/api.w.org\/{rel}","templated":true}]}}